{"id":61,"date":"2025-12-22T17:44:01","date_gmt":"2025-12-22T16:44:01","guid":{"rendered":"https:\/\/gipszkartonsopron.hu\/?page_id=61"},"modified":"2025-12-25T18:36:18","modified_gmt":"2025-12-25T17:36:18","slug":"munkaim","status":"publish","type":"page","link":"https:\/\/gipszkartonsopron.hu\/?page_id=61","title":{"rendered":"Munk\u00e1im"},"content":{"rendered":"\n<div class=\"wp-block-group alignfull is-layout-constrained wp-block-group-is-layout-constrained\" style=\"margin-top:0;margin-bottom:0;padding-top:var(--wp--preset--spacing--50);padding-bottom:var(--wp--preset--spacing--50)\">\n<div class=\"wp-block-columns alignwide is-layout-flex wp-container-core-columns-is-layout-47c06fe3 wp-block-columns-is-layout-flex\">\n<div class=\"wp-block-column is-layout-flow wp-block-column-is-layout-flow\" style=\"flex-basis:56%\">\n<figure class=\"wp-block-image size-full is-resized\"><img fetchpriority=\"high\" decoding=\"async\" width=\"2048\" height=\"1536\" src=\"http:\/\/gipszkartonsopron.hu\/wp-content\/uploads\/2025\/12\/597691246_1531303168160629_5629837812660430550_n.jpg\" alt=\"\" class=\"wp-image-19\" style=\"aspect-ratio:1.049726775956284;width:693px;height:auto\" srcset=\"https:\/\/gipszkartonsopron.hu\/wp-content\/uploads\/2025\/12\/597691246_1531303168160629_5629837812660430550_n.jpg 2048w, https:\/\/gipszkartonsopron.hu\/wp-content\/uploads\/2025\/12\/597691246_1531303168160629_5629837812660430550_n-300x225.jpg 300w, https:\/\/gipszkartonsopron.hu\/wp-content\/uploads\/2025\/12\/597691246_1531303168160629_5629837812660430550_n-1024x768.jpg 1024w, https:\/\/gipszkartonsopron.hu\/wp-content\/uploads\/2025\/12\/597691246_1531303168160629_5629837812660430550_n-768x576.jpg 768w, https:\/\/gipszkartonsopron.hu\/wp-content\/uploads\/2025\/12\/597691246_1531303168160629_5629837812660430550_n-1536x1152.jpg 1536w\" sizes=\"(max-width: 2048px) 100vw, 2048px\" \/><\/figure>\n<\/div>\n\n\n\n<div class=\"wp-block-column is-vertically-aligned-center is-layout-flow wp-container-core-column-is-layout-119bc444 wp-block-column-is-layout-flow\">\n<h2 class=\"wp-block-heading\"><\/h2>\n\n\n\n<p class=\"has-accent-6-background-color has-background\" style=\"border-top-left-radius:100px;border-top-right-radius:100px;border-bottom-left-radius:100px;border-bottom-right-radius:100px\">H\u00fct\u0151 &#8211; f\u00fct\u0151 panelek betakarva<\/p>\n<\/div>\n<\/div>\n<\/div>\n\n\n\n<div class=\"wp-block-group alignfull is-layout-constrained wp-block-group-is-layout-constrained\" style=\"margin-top:0;margin-bottom:0;padding-top:var(--wp--preset--spacing--50);padding-bottom:var(--wp--preset--spacing--50)\">\n<div class=\"wp-block-group alignwide is-layout-grid wp-container-core-group-is-layout-840b37f5 wp-block-group-is-layout-grid\">\n<div class=\"wp-block-group is-vertical is-content-justification-stretch is-layout-flex wp-container-core-group-is-layout-353c4f5a wp-block-group-is-layout-flex\">\n<div class=\"wp-block-cover\"><img decoding=\"async\" width=\"1024\" height=\"768\" class=\"wp-block-cover__image-background wp-image-13 size-large\" alt=\"\" src=\"http:\/\/gipszkartonsopron.hu\/wp-content\/uploads\/2025\/12\/595607658_1531303504827262_6619334344025543880_n-1024x768.jpg\" data-object-fit=\"cover\" srcset=\"https:\/\/gipszkartonsopron.hu\/wp-content\/uploads\/2025\/12\/595607658_1531303504827262_6619334344025543880_n-1024x768.jpg 1024w, https:\/\/gipszkartonsopron.hu\/wp-content\/uploads\/2025\/12\/595607658_1531303504827262_6619334344025543880_n-300x225.jpg 300w, https:\/\/gipszkartonsopron.hu\/wp-content\/uploads\/2025\/12\/595607658_1531303504827262_6619334344025543880_n-768x576.jpg 768w, https:\/\/gipszkartonsopron.hu\/wp-content\/uploads\/2025\/12\/595607658_1531303504827262_6619334344025543880_n-1536x1152.jpg 1536w, https:\/\/gipszkartonsopron.hu\/wp-content\/uploads\/2025\/12\/595607658_1531303504827262_6619334344025543880_n.jpg 2048w\" sizes=\"(max-width: 1024px) 100vw, 1024px\" \/><span aria-hidden=\"true\" class=\"wp-block-cover__background has-background-dim-0 has-background-dim\" style=\"background-color:#833d3a\"><\/span><div class=\"wp-block-cover__inner-container is-layout-constrained wp-block-cover-is-layout-constrained\">\n<div style=\"height:var(--wp--preset--spacing--20)\" aria-hidden=\"true\" class=\"wp-block-spacer\"><\/div>\n<\/div><\/div>\n\n\n\n<p class=\"has-text-align-center\"><\/p>\n<\/div>\n\n\n\n<div class=\"wp-block-group is-vertical is-content-justification-stretch is-layout-flex wp-container-core-group-is-layout-353c4f5a wp-block-group-is-layout-flex\">\n<div class=\"wp-block-cover\"><img decoding=\"async\" width=\"1024\" height=\"768\" class=\"wp-block-cover__image-background wp-image-14 size-large\" alt=\"gipszkarton szerel\u00e9s Sopron, gipszkartonoz\u00e1s \u00e1rak Sopron, v\u00e1laszfal \u00e9p\u00edt\u00e9s Sopron, \u00e1lmennyezet k\u00e9sz\u00edt\u00e9s Sopron.\" src=\"http:\/\/gipszkartonsopron.hu\/wp-content\/uploads\/2025\/12\/597681990_1531303471493932_4829730670789779972_n-1024x768.jpg\" data-object-fit=\"cover\" srcset=\"https:\/\/gipszkartonsopron.hu\/wp-content\/uploads\/2025\/12\/597681990_1531303471493932_4829730670789779972_n-1024x768.jpg 1024w, https:\/\/gipszkartonsopron.hu\/wp-content\/uploads\/2025\/12\/597681990_1531303471493932_4829730670789779972_n-300x225.jpg 300w, https:\/\/gipszkartonsopron.hu\/wp-content\/uploads\/2025\/12\/597681990_1531303471493932_4829730670789779972_n-768x576.jpg 768w, https:\/\/gipszkartonsopron.hu\/wp-content\/uploads\/2025\/12\/597681990_1531303471493932_4829730670789779972_n-1536x1152.jpg 1536w, https:\/\/gipszkartonsopron.hu\/wp-content\/uploads\/2025\/12\/597681990_1531303471493932_4829730670789779972_n.jpg 2048w\" sizes=\"(max-width: 1024px) 100vw, 1024px\" \/><span aria-hidden=\"true\" class=\"wp-block-cover__background has-background-dim-0 has-background-dim\" style=\"background-color:#828282\"><\/span><div class=\"wp-block-cover__inner-container is-layout-constrained wp-block-cover-is-layout-constrained\">\n<div style=\"height:var(--wp--preset--spacing--20)\" aria-hidden=\"true\" class=\"wp-block-spacer\"><\/div>\n<\/div><\/div>\n\n\n\n<p class=\"has-text-align-center\"><\/p>\n<\/div>\n\n\n\n<div class=\"wp-block-group is-vertical is-content-justification-stretch is-layout-flex wp-container-core-group-is-layout-353c4f5a wp-block-group-is-layout-flex\">\n<div class=\"wp-block-cover is-light\"><img loading=\"lazy\" decoding=\"async\" width=\"1024\" height=\"768\" class=\"wp-block-cover__image-background wp-image-12 size-large\" alt=\"gipszkarton szerel\u00e9s Sopron, gipszkartonoz\u00e1s \u00e1rak Sopron, v\u00e1laszfal \u00e9p\u00edt\u00e9s Sopron, \u00e1lmennyezet k\u00e9sz\u00edt\u00e9s Sopron.\" src=\"http:\/\/gipszkartonsopron.hu\/wp-content\/uploads\/2025\/12\/596820692_1531303534827259_6294478433755270995_n-1024x768.jpg\" data-object-fit=\"cover\" srcset=\"https:\/\/gipszkartonsopron.hu\/wp-content\/uploads\/2025\/12\/596820692_1531303534827259_6294478433755270995_n-1024x768.jpg 1024w, https:\/\/gipszkartonsopron.hu\/wp-content\/uploads\/2025\/12\/596820692_1531303534827259_6294478433755270995_n-300x225.jpg 300w, https:\/\/gipszkartonsopron.hu\/wp-content\/uploads\/2025\/12\/596820692_1531303534827259_6294478433755270995_n-768x576.jpg 768w, https:\/\/gipszkartonsopron.hu\/wp-content\/uploads\/2025\/12\/596820692_1531303534827259_6294478433755270995_n-1536x1152.jpg 1536w, https:\/\/gipszkartonsopron.hu\/wp-content\/uploads\/2025\/12\/596820692_1531303534827259_6294478433755270995_n.jpg 2048w\" sizes=\"(max-width: 1024px) 100vw, 1024px\" \/><span aria-hidden=\"true\" class=\"wp-block-cover__background has-background-dim-0 has-background-dim\" style=\"background-color:#d6bc98\"><\/span><div class=\"wp-block-cover__inner-container is-layout-constrained wp-block-cover-is-layout-constrained\">\n<div style=\"height:var(--wp--preset--spacing--20)\" aria-hidden=\"true\" class=\"wp-block-spacer\"><\/div>\n<\/div><\/div>\n\n\n\n<p class=\"has-text-align-center\"><\/p>\n<\/div>\n<\/div>\n<\/div>\n\n\n\n<div class=\"wp-block-group alignfull is-layout-constrained wp-block-group-is-layout-constrained\" style=\"margin-top:0;margin-bottom:0;padding-top:var(--wp--preset--spacing--50);padding-bottom:var(--wp--preset--spacing--50)\">\n<div class=\"wp-block-group alignwide is-layout-grid wp-container-core-group-is-layout-21f393a4 wp-block-group-is-layout-grid\">\n<div class=\"wp-block-group is-style-section-3 is-layout-constrained wp-block-group-is-layout-constrained\" style=\"min-height:297px\">\n<div class=\"wp-block-group is-vertical is-content-justification-center is-layout-flex wp-container-core-group-is-layout-4aa192bb wp-block-group-is-layout-flex\" style=\"min-height:100%\">\n<h2 class=\"wp-block-heading has-large-font-size\">Facebook<\/h2>\n\n\n\n<p class=\"has-text-align-center has-small-font-size\"><a href=\"#\">https:\/\/www.facebook.com\/gipszkartonsopron<\/a><\/p>\n<\/div>\n<\/div>\n\n\n\n<figure class=\"wp-block-image size-full\"><img loading=\"lazy\" decoding=\"async\" width=\"2048\" height=\"1536\" src=\"https:\/\/gipszkartonsopron.hu\/wp-content\/uploads\/2025\/12\/589515928_1519889742635305_3104985200622812489_n.jpg\" alt=\"gipszkarton szerel\u00e9s Sopron, gipszkartonoz\u00e1s \u00e1rak Sopron, v\u00e1laszfal \u00e9p\u00edt\u00e9s Sopron, \u00e1lmennyezet k\u00e9sz\u00edt\u00e9s Sopron.\" class=\"wp-image-62\" style=\"aspect-ratio:1;object-fit:cover\" srcset=\"https:\/\/gipszkartonsopron.hu\/wp-content\/uploads\/2025\/12\/589515928_1519889742635305_3104985200622812489_n.jpg 2048w, https:\/\/gipszkartonsopron.hu\/wp-content\/uploads\/2025\/12\/589515928_1519889742635305_3104985200622812489_n-300x225.jpg 300w, https:\/\/gipszkartonsopron.hu\/wp-content\/uploads\/2025\/12\/589515928_1519889742635305_3104985200622812489_n-1024x768.jpg 1024w, https:\/\/gipszkartonsopron.hu\/wp-content\/uploads\/2025\/12\/589515928_1519889742635305_3104985200622812489_n-768x576.jpg 768w, https:\/\/gipszkartonsopron.hu\/wp-content\/uploads\/2025\/12\/589515928_1519889742635305_3104985200622812489_n-1536x1152.jpg 1536w\" sizes=\"(max-width: 2048px) 100vw, 2048px\" \/><\/figure>\n\n\n\n<figure class=\"wp-block-image size-full\"><img loading=\"lazy\" decoding=\"async\" width=\"2048\" height=\"1536\" src=\"https:\/\/gipszkartonsopron.hu\/wp-content\/uploads\/2025\/12\/586616578_1519889969301949_6661560290379527671_n.jpg\" alt=\"gipszkarton szerel\u00e9s Sopron, gipszkartonoz\u00e1s \u00e1rak Sopron, v\u00e1laszfal \u00e9p\u00edt\u00e9s Sopron, \u00e1lmennyezet k\u00e9sz\u00edt\u00e9s Sopron.\" class=\"wp-image-63\" style=\"aspect-ratio:1;object-fit:cover\" srcset=\"https:\/\/gipszkartonsopron.hu\/wp-content\/uploads\/2025\/12\/586616578_1519889969301949_6661560290379527671_n.jpg 2048w, https:\/\/gipszkartonsopron.hu\/wp-content\/uploads\/2025\/12\/586616578_1519889969301949_6661560290379527671_n-300x225.jpg 300w, https:\/\/gipszkartonsopron.hu\/wp-content\/uploads\/2025\/12\/586616578_1519889969301949_6661560290379527671_n-1024x768.jpg 1024w, https:\/\/gipszkartonsopron.hu\/wp-content\/uploads\/2025\/12\/586616578_1519889969301949_6661560290379527671_n-768x576.jpg 768w, https:\/\/gipszkartonsopron.hu\/wp-content\/uploads\/2025\/12\/586616578_1519889969301949_6661560290379527671_n-1536x1152.jpg 1536w\" sizes=\"(max-width: 2048px) 100vw, 2048px\" \/><\/figure>\n\n\n\n<figure class=\"wp-block-image size-full\"><img loading=\"lazy\" decoding=\"async\" width=\"2048\" height=\"1536\" src=\"https:\/\/gipszkartonsopron.hu\/wp-content\/uploads\/2025\/12\/589565940_1519890065968606_1402370469071073540_n.jpg\" alt=\"gipszkarton szerel\u00e9s Sopron, gipszkartonoz\u00e1s \u00e1rak Sopron, v\u00e1laszfal \u00e9p\u00edt\u00e9s Sopron, \u00e1lmennyezet k\u00e9sz\u00edt\u00e9s Sopron.\" class=\"wp-image-65\" style=\"aspect-ratio:1;object-fit:cover\" srcset=\"https:\/\/gipszkartonsopron.hu\/wp-content\/uploads\/2025\/12\/589565940_1519890065968606_1402370469071073540_n.jpg 2048w, https:\/\/gipszkartonsopron.hu\/wp-content\/uploads\/2025\/12\/589565940_1519890065968606_1402370469071073540_n-300x225.jpg 300w, https:\/\/gipszkartonsopron.hu\/wp-content\/uploads\/2025\/12\/589565940_1519890065968606_1402370469071073540_n-1024x768.jpg 1024w, https:\/\/gipszkartonsopron.hu\/wp-content\/uploads\/2025\/12\/589565940_1519890065968606_1402370469071073540_n-768x576.jpg 768w, https:\/\/gipszkartonsopron.hu\/wp-content\/uploads\/2025\/12\/589565940_1519890065968606_1402370469071073540_n-1536x1152.jpg 1536w\" sizes=\"(max-width: 2048px) 100vw, 2048px\" \/><\/figure>\n\n\n\n<figure class=\"wp-block-image size-full\"><img loading=\"lazy\" decoding=\"async\" width=\"736\" height=\"1000\" src=\"https:\/\/gipszkartonsopron.hu\/wp-content\/uploads\/2025\/12\/586453554_1516917809599165_8924601694516574800_n.jpg\" alt=\"gipszkarton szerel\u00e9s Sopron, gipszkartonoz\u00e1s \u00e1rak Sopron, v\u00e1laszfal \u00e9p\u00edt\u00e9s Sopron, \u00e1lmennyezet k\u00e9sz\u00edt\u00e9s Sopron.\" class=\"wp-image-66\" style=\"aspect-ratio:1;object-fit:cover\" srcset=\"https:\/\/gipszkartonsopron.hu\/wp-content\/uploads\/2025\/12\/586453554_1516917809599165_8924601694516574800_n.jpg 736w, https:\/\/gipszkartonsopron.hu\/wp-content\/uploads\/2025\/12\/586453554_1516917809599165_8924601694516574800_n-221x300.jpg 221w\" sizes=\"(max-width: 736px) 100vw, 736px\" \/><\/figure>\n\n\n\n<figure class=\"wp-block-image size-full\"><img loading=\"lazy\" decoding=\"async\" width=\"2048\" height=\"1536\" src=\"https:\/\/gipszkartonsopron.hu\/wp-content\/uploads\/2025\/12\/586290716_1516918909599055_7425304546849712797_n.jpg\" alt=\"gipszkarton szerel\u00e9s Sopron, gipszkartonoz\u00e1s \u00e1rak Sopron, v\u00e1laszfal \u00e9p\u00edt\u00e9s Sopron, \u00e1lmennyezet k\u00e9sz\u00edt\u00e9s Sopron.\" class=\"wp-image-67\" style=\"aspect-ratio:1;object-fit:cover\" srcset=\"https:\/\/gipszkartonsopron.hu\/wp-content\/uploads\/2025\/12\/586290716_1516918909599055_7425304546849712797_n.jpg 2048w, https:\/\/gipszkartonsopron.hu\/wp-content\/uploads\/2025\/12\/586290716_1516918909599055_7425304546849712797_n-300x225.jpg 300w, https:\/\/gipszkartonsopron.hu\/wp-content\/uploads\/2025\/12\/586290716_1516918909599055_7425304546849712797_n-1024x768.jpg 1024w, https:\/\/gipszkartonsopron.hu\/wp-content\/uploads\/2025\/12\/586290716_1516918909599055_7425304546849712797_n-768x576.jpg 768w, https:\/\/gipszkartonsopron.hu\/wp-content\/uploads\/2025\/12\/586290716_1516918909599055_7425304546849712797_n-1536x1152.jpg 1536w\" sizes=\"(max-width: 2048px) 100vw, 2048px\" \/><\/figure>\n\n\n\n<figure class=\"wp-block-image size-full\"><img loading=\"lazy\" decoding=\"async\" width=\"2048\" height=\"1536\" src=\"https:\/\/gipszkartonsopron.hu\/wp-content\/uploads\/2025\/12\/585067956_1516918832932396_1781163053517227126_n.jpg\" alt=\"gipszkarton szerel\u00e9s Sopron, gipszkartonoz\u00e1s \u00e1rak Sopron, v\u00e1laszfal \u00e9p\u00edt\u00e9s Sopron, \u00e1lmennyezet k\u00e9sz\u00edt\u00e9s Sopron.\" class=\"wp-image-68\" style=\"aspect-ratio:1;object-fit:cover\" srcset=\"https:\/\/gipszkartonsopron.hu\/wp-content\/uploads\/2025\/12\/585067956_1516918832932396_1781163053517227126_n.jpg 2048w, https:\/\/gipszkartonsopron.hu\/wp-content\/uploads\/2025\/12\/585067956_1516918832932396_1781163053517227126_n-300x225.jpg 300w, https:\/\/gipszkartonsopron.hu\/wp-content\/uploads\/2025\/12\/585067956_1516918832932396_1781163053517227126_n-1024x768.jpg 1024w, https:\/\/gipszkartonsopron.hu\/wp-content\/uploads\/2025\/12\/585067956_1516918832932396_1781163053517227126_n-768x576.jpg 768w, https:\/\/gipszkartonsopron.hu\/wp-content\/uploads\/2025\/12\/585067956_1516918832932396_1781163053517227126_n-1536x1152.jpg 1536w\" sizes=\"(max-width: 2048px) 100vw, 2048px\" \/><\/figure>\n\n\n\n<figure class=\"wp-block-image size-full\"><img loading=\"lazy\" decoding=\"async\" width=\"736\" height=\"1000\" src=\"https:\/\/gipszkartonsopron.hu\/wp-content\/uploads\/2025\/12\/586243543_1516917759599170_4118052699085300670_n.jpg\" alt=\"gipszkarton szerel\u00e9s Sopron, gipszkartonoz\u00e1s \u00e1rak Sopron, v\u00e1laszfal \u00e9p\u00edt\u00e9s Sopron, \u00e1lmennyezet k\u00e9sz\u00edt\u00e9s Sopron.\" class=\"wp-image-70\" style=\"aspect-ratio:1;object-fit:cover\" srcset=\"https:\/\/gipszkartonsopron.hu\/wp-content\/uploads\/2025\/12\/586243543_1516917759599170_4118052699085300670_n.jpg 736w, https:\/\/gipszkartonsopron.hu\/wp-content\/uploads\/2025\/12\/586243543_1516917759599170_4118052699085300670_n-221x300.jpg 221w\" sizes=\"(max-width: 736px) 100vw, 736px\" \/><\/figure>\n<\/div>\n<\/div>\n","protected":false},"excerpt":{"rendered":"<p>H\u00fct\u0151 &#8211; f\u00fct\u0151 panelek betakarva Facebook https:\/\/www.facebook.com\/gipszkartonsopron<\/p>\n","protected":false},"author":1,"featured_media":0,"parent":0,"menu_order":0,"comment_status":"closed","ping_status":"closed","template":"","meta":{"footnotes":""},"class_list":["post-61","page","type-page","status-publish","hentry"],"_links":{"self":[{"href":"https:\/\/gipszkartonsopron.hu\/index.php?rest_route=\/wp\/v2\/pages\/61","targetHints":{"allow":["GET"]}}],"collection":[{"href":"https:\/\/gipszkartonsopron.hu\/index.php?rest_route=\/wp\/v2\/pages"}],"about":[{"href":"https:\/\/gipszkartonsopron.hu\/index.php?rest_route=\/wp\/v2\/types\/page"}],"author":[{"embeddable":true,"href":"https:\/\/gipszkartonsopron.hu\/index.php?rest_route=\/wp\/v2\/users\/1"}],"replies":[{"embeddable":true,"href":"https:\/\/gipszkartonsopron.hu\/index.php?rest_route=%2Fwp%2Fv2%2Fcomments&post=61"}],"version-history":[{"count":3,"href":"https:\/\/gipszkartonsopron.hu\/index.php?rest_route=\/wp\/v2\/pages\/61\/revisions"}],"predecessor-version":[{"id":78,"href":"https:\/\/gipszkartonsopron.hu\/index.php?rest_route=\/wp\/v2\/pages\/61\/revisions\/78"}],"wp:attachment":[{"href":"https:\/\/gipszkartonsopron.hu\/index.php?rest_route=%2Fwp%2Fv2%2Fmedia&parent=61"}],"curies":[{"name":"wp","href":"https:\/\/api.w.org\/{rel}","templated":true}]}}