{"id":2,"date":"2025-12-22T11:29:05","date_gmt":"2025-12-22T10:29:05","guid":{"rendered":"http:\/\/gipszkartonsopron.hu\/?page_id=2"},"modified":"2026-01-05T17:52:24","modified_gmt":"2026-01-05T16:52:24","slug":"ez-egy-minta-oldal","status":"publish","type":"page","link":"https:\/\/gipszkartonsopron.hu\/","title":{"rendered":"Bemutatkoz\u00e1s"},"content":{"rendered":"\t\t<div data-elementor-type=\"wp-page\" data-elementor-id=\"2\" class=\"elementor elementor-2\">\n\t\t\t\t<div class=\"elementor-element elementor-element-ccbe76c e-grid e-con-boxed e-con e-parent\" data-id=\"ccbe76c\" data-element_type=\"container\" data-settings=\"{&quot;background_background&quot;:&quot;gradient&quot;}\">\n\t\t\t\t\t<div class=\"e-con-inner\">\n\t\t\t\t<div class=\"elementor-element elementor-element-b298b54 elementor-widget__width-inherit elementor-widget elementor-widget-heading\" data-id=\"b298b54\" data-element_type=\"widget\" data-widget_type=\"heading.default\">\n\t\t\t\t\t<h2 class=\"elementor-heading-title elementor-size-default\">Bemutatkoz\u00e1s<\/h2>\t\t\t\t<\/div>\n\t\t\t\t<div class=\"elementor-element elementor-element-1206035 hfe-nav-menu__align-left hfe-submenu-icon-arrow hfe-submenu-animation-none hfe-link-redirect-child hfe-nav-menu__breakpoint-tablet elementor-widget elementor-widget-navigation-menu\" data-id=\"1206035\" data-element_type=\"widget\" data-settings=\"{&quot;padding_horizontal_menu_item&quot;:{&quot;unit&quot;:&quot;px&quot;,&quot;size&quot;:15,&quot;sizes&quot;:[]},&quot;padding_horizontal_menu_item_tablet&quot;:{&quot;unit&quot;:&quot;px&quot;,&quot;size&quot;:&quot;&quot;,&quot;sizes&quot;:[]},&quot;padding_horizontal_menu_item_mobile&quot;:{&quot;unit&quot;:&quot;px&quot;,&quot;size&quot;:&quot;&quot;,&quot;sizes&quot;:[]},&quot;padding_vertical_menu_item&quot;:{&quot;unit&quot;:&quot;px&quot;,&quot;size&quot;:15,&quot;sizes&quot;:[]},&quot;padding_vertical_menu_item_tablet&quot;:{&quot;unit&quot;:&quot;px&quot;,&quot;size&quot;:&quot;&quot;,&quot;sizes&quot;:[]},&quot;padding_vertical_menu_item_mobile&quot;:{&quot;unit&quot;:&quot;px&quot;,&quot;size&quot;:&quot;&quot;,&quot;sizes&quot;:[]},&quot;menu_space_between&quot;:{&quot;unit&quot;:&quot;px&quot;,&quot;size&quot;:&quot;&quot;,&quot;sizes&quot;:[]},&quot;menu_space_between_tablet&quot;:{&quot;unit&quot;:&quot;px&quot;,&quot;size&quot;:&quot;&quot;,&quot;sizes&quot;:[]},&quot;menu_space_between_mobile&quot;:{&quot;unit&quot;:&quot;px&quot;,&quot;size&quot;:&quot;&quot;,&quot;sizes&quot;:[]},&quot;menu_row_space&quot;:{&quot;unit&quot;:&quot;px&quot;,&quot;size&quot;:&quot;&quot;,&quot;sizes&quot;:[]},&quot;menu_row_space_tablet&quot;:{&quot;unit&quot;:&quot;px&quot;,&quot;size&quot;:&quot;&quot;,&quot;sizes&quot;:[]},&quot;menu_row_space_mobile&quot;:{&quot;unit&quot;:&quot;px&quot;,&quot;size&quot;:&quot;&quot;,&quot;sizes&quot;:[]},&quot;dropdown_border_radius&quot;:{&quot;unit&quot;:&quot;px&quot;,&quot;top&quot;:&quot;&quot;,&quot;right&quot;:&quot;&quot;,&quot;bottom&quot;:&quot;&quot;,&quot;left&quot;:&quot;&quot;,&quot;isLinked&quot;:true},&quot;dropdown_border_radius_tablet&quot;:{&quot;unit&quot;:&quot;px&quot;,&quot;top&quot;:&quot;&quot;,&quot;right&quot;:&quot;&quot;,&quot;bottom&quot;:&quot;&quot;,&quot;left&quot;:&quot;&quot;,&quot;isLinked&quot;:true},&quot;dropdown_border_radius_mobile&quot;:{&quot;unit&quot;:&quot;px&quot;,&quot;top&quot;:&quot;&quot;,&quot;right&quot;:&quot;&quot;,&quot;bottom&quot;:&quot;&quot;,&quot;left&quot;:&quot;&quot;,&quot;isLinked&quot;:true},&quot;width_dropdown_item&quot;:{&quot;unit&quot;:&quot;px&quot;,&quot;size&quot;:&quot;220&quot;,&quot;sizes&quot;:[]},&quot;width_dropdown_item_tablet&quot;:{&quot;unit&quot;:&quot;px&quot;,&quot;size&quot;:&quot;&quot;,&quot;sizes&quot;:[]},&quot;width_dropdown_item_mobile&quot;:{&quot;unit&quot;:&quot;px&quot;,&quot;size&quot;:&quot;&quot;,&quot;sizes&quot;:[]},&quot;padding_horizontal_dropdown_item&quot;:{&quot;unit&quot;:&quot;px&quot;,&quot;size&quot;:&quot;&quot;,&quot;sizes&quot;:[]},&quot;padding_horizontal_dropdown_item_tablet&quot;:{&quot;unit&quot;:&quot;px&quot;,&quot;size&quot;:&quot;&quot;,&quot;sizes&quot;:[]},&quot;padding_horizontal_dropdown_item_mobile&quot;:{&quot;unit&quot;:&quot;px&quot;,&quot;size&quot;:&quot;&quot;,&quot;sizes&quot;:[]},&quot;padding_vertical_dropdown_item&quot;:{&quot;unit&quot;:&quot;px&quot;,&quot;size&quot;:15,&quot;sizes&quot;:[]},&quot;padding_vertical_dropdown_item_tablet&quot;:{&quot;unit&quot;:&quot;px&quot;,&quot;size&quot;:&quot;&quot;,&quot;sizes&quot;:[]},&quot;padding_vertical_dropdown_item_mobile&quot;:{&quot;unit&quot;:&quot;px&quot;,&quot;size&quot;:&quot;&quot;,&quot;sizes&quot;:[]},&quot;distance_from_menu&quot;:{&quot;unit&quot;:&quot;px&quot;,&quot;size&quot;:&quot;&quot;,&quot;sizes&quot;:[]},&quot;distance_from_menu_tablet&quot;:{&quot;unit&quot;:&quot;px&quot;,&quot;size&quot;:&quot;&quot;,&quot;sizes&quot;:[]},&quot;distance_from_menu_mobile&quot;:{&quot;unit&quot;:&quot;px&quot;,&quot;size&quot;:&quot;&quot;,&quot;sizes&quot;:[]},&quot;toggle_size&quot;:{&quot;unit&quot;:&quot;px&quot;,&quot;size&quot;:&quot;&quot;,&quot;sizes&quot;:[]},&quot;toggle_size_tablet&quot;:{&quot;unit&quot;:&quot;px&quot;,&quot;size&quot;:&quot;&quot;,&quot;sizes&quot;:[]},&quot;toggle_size_mobile&quot;:{&quot;unit&quot;:&quot;px&quot;,&quot;size&quot;:&quot;&quot;,&quot;sizes&quot;:[]},&quot;toggle_border_width&quot;:{&quot;unit&quot;:&quot;px&quot;,&quot;size&quot;:&quot;&quot;,&quot;sizes&quot;:[]},&quot;toggle_border_width_tablet&quot;:{&quot;unit&quot;:&quot;px&quot;,&quot;size&quot;:&quot;&quot;,&quot;sizes&quot;:[]},&quot;toggle_border_width_mobile&quot;:{&quot;unit&quot;:&quot;px&quot;,&quot;size&quot;:&quot;&quot;,&quot;sizes&quot;:[]},&quot;toggle_border_radius&quot;:{&quot;unit&quot;:&quot;px&quot;,&quot;size&quot;:&quot;&quot;,&quot;sizes&quot;:[]},&quot;toggle_border_radius_tablet&quot;:{&quot;unit&quot;:&quot;px&quot;,&quot;size&quot;:&quot;&quot;,&quot;sizes&quot;:[]},&quot;toggle_border_radius_mobile&quot;:{&quot;unit&quot;:&quot;px&quot;,&quot;size&quot;:&quot;&quot;,&quot;sizes&quot;:[]}}\" data-widget_type=\"navigation-menu.default\">\n\t\t\t\t<div class=\"elementor-widget-container\">\n\t\t\t\t\t\t\t\t<div class=\"hfe-nav-menu hfe-layout-horizontal hfe-nav-menu-layout horizontal hfe-pointer__none\" data-layout=\"horizontal\">\n\t\t\t\t<div role=\"button\" class=\"hfe-nav-menu__toggle elementor-clickable\" tabindex=\"0\" aria-label=\"Menu Toggle\">\n\t\t\t\t\t<span class=\"screen-reader-text\">Menu<\/span>\n\t\t\t\t\t<div class=\"hfe-nav-menu-icon\">\n\t\t\t\t\t\t<svg aria-hidden=\"true\"  class=\"e-font-icon-svg e-fas-align-justify\" viewBox=\"0 0 448 512\" xmlns=\"http:\/\/www.w3.org\/2000\/svg\"><path d=\"M432 416H16a16 16 0 0 0-16 16v32a16 16 0 0 0 16 16h416a16 16 0 0 0 16-16v-32a16 16 0 0 0-16-16zm0-128H16a16 16 0 0 0-16 16v32a16 16 0 0 0 16 16h416a16 16 0 0 0 16-16v-32a16 16 0 0 0-16-16zm0-128H16a16 16 0 0 0-16 16v32a16 16 0 0 0 16 16h416a16 16 0 0 0 16-16v-32a16 16 0 0 0-16-16zm0-128H16A16 16 0 0 0 0 48v32a16 16 0 0 0 16 16h416a16 16 0 0 0 16-16V48a16 16 0 0 0-16-16z\"><\/path><\/svg>\t\t\t\t\t<\/div>\n\t\t\t\t<\/div>\n\t\t\t\t<nav class=\"hfe-nav-menu__layout-horizontal hfe-nav-menu__submenu-arrow\" data-toggle-icon=\"&lt;svg aria-hidden=&quot;true&quot; tabindex=&quot;0&quot; class=&quot;e-font-icon-svg e-fas-align-justify&quot; viewBox=&quot;0 0 448 512&quot; xmlns=&quot;http:\/\/www.w3.org\/2000\/svg&quot;&gt;&lt;path d=&quot;M432 416H16a16 16 0 0 0-16 16v32a16 16 0 0 0 16 16h416a16 16 0 0 0 16-16v-32a16 16 0 0 0-16-16zm0-128H16a16 16 0 0 0-16 16v32a16 16 0 0 0 16 16h416a16 16 0 0 0 16-16v-32a16 16 0 0 0-16-16zm0-128H16a16 16 0 0 0-16 16v32a16 16 0 0 0 16 16h416a16 16 0 0 0 16-16v-32a16 16 0 0 0-16-16zm0-128H16A16 16 0 0 0 0 48v32a16 16 0 0 0 16 16h416a16 16 0 0 0 16-16V48a16 16 0 0 0-16-16z&quot;&gt;&lt;\/path&gt;&lt;\/svg&gt;\" data-close-icon=\"&lt;svg aria-hidden=&quot;true&quot; tabindex=&quot;0&quot; class=&quot;e-font-icon-svg e-far-window-close&quot; viewBox=&quot;0 0 512 512&quot; xmlns=&quot;http:\/\/www.w3.org\/2000\/svg&quot;&gt;&lt;path d=&quot;M464 32H48C21.5 32 0 53.5 0 80v352c0 26.5 21.5 48 48 48h416c26.5 0 48-21.5 48-48V80c0-26.5-21.5-48-48-48zm0 394c0 3.3-2.7 6-6 6H54c-3.3 0-6-2.7-6-6V86c0-3.3 2.7-6 6-6h404c3.3 0 6 2.7 6 6v340zM356.5 194.6L295.1 256l61.4 61.4c4.6 4.6 4.6 12.1 0 16.8l-22.3 22.3c-4.6 4.6-12.1 4.6-16.8 0L256 295.1l-61.4 61.4c-4.6 4.6-12.1 4.6-16.8 0l-22.3-22.3c-4.6-4.6-4.6-12.1 0-16.8l61.4-61.4-61.4-61.4c-4.6-4.6-4.6-12.1 0-16.8l22.3-22.3c4.6-4.6 12.1-4.6 16.8 0l61.4 61.4 61.4-61.4c4.6-4.6 12.1-4.6 16.8 0l22.3 22.3c4.7 4.6 4.7 12.1 0 16.8z&quot;&gt;&lt;\/path&gt;&lt;\/svg&gt;\" data-full-width=\"yes\">\n\t\t\t\t\t<ul id=\"menu-1-1206035\" class=\"hfe-nav-menu\"><li id=\"menu-item-88\" class=\"menu-item menu-item-type-post_type menu-item-object-page parent hfe-creative-menu\"><a href=\"https:\/\/gipszkartonsopron.hu\/?page_id=61\" class = \"hfe-menu-item\">Munk\u00e1im<\/a><\/li>\n<\/ul> \n\t\t\t\t<\/nav>\n\t\t\t<\/div>\n\t\t\t\t\t\t\t<\/div>\n\t\t\t\t<\/div>\n\t\t\t\t\t<\/div>\n\t\t\t\t<\/div>\n\t\t<div class=\"elementor-element elementor-element-f139cbc e-grid e-con-boxed e-con e-parent\" data-id=\"f139cbc\" data-element_type=\"container\" data-settings=\"{&quot;background_background&quot;:&quot;classic&quot;}\">\n\t\t\t\t\t<div class=\"e-con-inner\">\n\t\t\t\t<div class=\"elementor-element elementor-element-c5c8a0b elementor-widget elementor-widget-text-editor\" data-id=\"c5c8a0b\" data-element_type=\"widget\" data-widget_type=\"text-editor.default\">\n\t\t\t\t\t\t\t\t\t<h6 class=\"is-style-default has-accent-6-background-color has-background has-medium-font-size\" style=\"border-top-left-radius: 100px; border-top-right-radius: 100px; border-bottom-left-radius: 100px; border-bottom-right-radius: 100px;\">\u00dcdv\u00f6zl\u00f6m! <strong>Moln\u00e1r Andr\u00e1s<\/strong> vagyok, gipszkarton szerel\u0151. Ha fel\u00faj\u00edt\u00e1s el\u0151tt \u00e1ll, v\u00e1laszfalat h\u00fazna, vagy a belmagass\u00e1got cs\u00f6kkenten\u00e9 eszt\u00e9tikus \u00e1lmennyezettel, keressen bizalommal!<\/h6>\n<p><!-- \/wp:paragraph --><!-- wp:paragraph --><\/p>\n<p>V\u00e1llalok:<\/p>\n<p><!-- \/wp:paragraph --><!-- wp:list --><\/p>\n<ul class=\"wp-block-list\"><!-- wp:list-item -->\n<li>V\u00e1laszfalak \u00e9s el\u0151t\u00e9tfalak \u00e9p\u00edt\u00e9s\u00e9t<\/li>\n<!-- \/wp:list-item --><!-- wp:list-item -->\n<li>\u00c1lmennyezetek kialak\u00edt\u00e1s\u00e1t<\/li>\n<!-- \/wp:list-item --><!-- wp:list-item -->\n<li>Tet\u0151t\u00e9r be\u00e9p\u00edt\u00e9st<\/li>\n<!-- \/wp:list-item --><!-- wp:list-item -->\n<li>Egyedi dekor\u00e1ci\u00f3s megold\u00e1sokat<\/li>\n<!-- \/wp:list-item --><\/ul>\n<p><!-- \/wp:list --><!-- wp:paragraph --><\/p>\n<p>Mivel minden lak\u00e1s \u00e9s projekt m\u00e1s, fix n\u00e9gyzetm\u00e9ter\u00e1rak helyett egy <strong>ingyenes helysz\u00edni felm\u00e9r\u00e9st <\/strong>k\u00f6vet\u0151en tudok pontos, korrekt \u00e1raj\u00e1nlatot adni \u00d6nnek. \u00cdgy nincsenek rejtett k\u00f6lts\u00e9gek, csak tiszta \u00e9s min\u0151s\u00e9gi munka.<\/p>\n<p><!-- \/wp:paragraph --><!-- wp:paragraph --><\/p>\n<p>\ud83d\udccd Helysz\u00edn: Sopron \u00e9s 30 km-es k\u00f6rzete<\/p>\n<p><!-- \/wp:paragraph --><!-- wp:paragraph --><\/p>\n<p>\ud83d\udcde Telefonsz\u00e1m: [06 30 635 4008]<\/p>\n<p><!-- \/wp:paragraph --><!-- wp:paragraph {\"className\":\"is-style-text-display\",\"style\":{\"border\":{\"radius\":{\"topLeft\":\"72px\",\"topRight\":\"72px\",\"bottomLeft\":\"72px\",\"bottomRight\":\"72px\"}}},\"backgroundColor\":\"accent-6\",\"fontSize\":\"medium\"} --><\/p>\n<p class=\"is-style-text-display has-accent-6-background-color has-background has-medium-font-size\" style=\"border-top-left-radius: 72px; border-top-right-radius: 72px; border-bottom-left-radius: 72px; border-bottom-right-radius: 72px;\"><a href=\"https:\/\/www.facebook.com\/gipszkartonsopron?locale=hu_HU\"><strong>https:\/\/www.facebook.com\/gipszkartonsopron<\/strong><\/a><\/p>\t\t\t\t\t\t\t\t<\/div>\n\t\t\t\t<div class=\"elementor-element elementor-element-7ee035b elementor-widget elementor-widget-text-editor\" data-id=\"7ee035b\" data-element_type=\"widget\" data-widget_type=\"text-editor.default\">\n\t\t\t\t\t\t\t\t\t<p data-path-to-node=\"0\"><strong>\u00cdme a gipszkartonoz\u00e1s n\u00e9gy legf\u0151bb el\u0151nye:<\/strong><\/p>\n<ul data-path-to-node=\"1\">\n<li>\n<p data-path-to-node=\"1,0,0\"><b data-path-to-node=\"1,0,0\" data-index-in-node=\"0\">Gyors \u00e9s tiszta kivitelez\u00e9s:<\/b> A gipszkartonoz\u00e1s \u00fagynevezett sz\u00e1raz\u00e9p\u00edt\u00e9szeti technol\u00f3gia, \u00edgy nincs sz\u00fcks\u00e9g sz\u00e1rad\u00e1si id\u0151re, \u00e9s j\u00f3val kevesebb kosszal j\u00e1r, mint a falaz\u00e1s vagy a vakol\u00e1s.<\/p>\n<\/li>\n<li>\n<p data-path-to-node=\"1,1,0\"><b data-path-to-node=\"1,1,0\" data-index-in-node=\"0\">Kiv\u00e1l\u00f3 alak\u00edthat\u00f3s\u00e1g:<\/b> Rendk\u00edv\u00fcl rugalmas anyag, amellyel k\u00f6nnyed\u00e9n l\u00e9trehozhat\u00f3k k\u00fcl\u00f6nleges bels\u0151\u00e9p\u00edt\u00e9szeti megold\u00e1sok, p\u00e9ld\u00e1ul \u00e1lmennyezetek, rejtett vil\u00e1g\u00edt\u00e1sok vagy \u00edves falfel\u00fcletek.<\/p>\n<\/li>\n<li>\n<p data-path-to-node=\"1,2,0\"><b data-path-to-node=\"1,2,0\" data-index-in-node=\"0\">J\u00f3 szigetel\u0151k\u00e9pess\u00e9g:<\/b> Megfelel\u0151 szigetel\u0151anyaggal kombin\u00e1lva a gipszkarton falak kiemelked\u0151 hang- \u00e9s h\u0151szigetel\u00e9st biztos\u00edtanak, jav\u00edtva ezzel az \u00e9p\u00fclet energiahat\u00e9konys\u00e1g\u00e1t.<\/p>\n<\/li>\n<li>\n<p data-path-to-node=\"1,3,0\"><b data-path-to-node=\"1,3,0\" data-index-in-node=\"0\">Helytakar\u00e9koss\u00e1g \u00e9s praktikum:<\/b> A v\u00e9konyabb falszerkezetnek k\u00f6sz\u00f6nhet\u0151en t\u00f6bb hasznos alapter\u00fclet marad, a fal\u00fcregben pedig egyszer\u0171en \u00e9s l\u00e1thatatlanul elvezethet\u0151k a g\u00e9p\u00e9szeti vezet\u00e9kek \u00e9s k\u00e1belek.<\/p>\n<\/li>\n<\/ul>\t\t\t\t\t\t\t\t<\/div>\n\t\t\t\t\t<\/div>\n\t\t\t\t<\/div>\n\t\t<div class=\"elementor-element elementor-element-d00a59d e-grid e-con-boxed e-con e-parent\" data-id=\"d00a59d\" data-element_type=\"container\" data-settings=\"{&quot;background_background&quot;:&quot;classic&quot;}\">\n\t\t\t\t\t<div class=\"e-con-inner\">\n\t\t\t\t<div class=\"elementor-element elementor-element-b300912 elementor-widget elementor-widget-image\" data-id=\"b300912\" data-element_type=\"widget\" data-widget_type=\"image.default\">\n\t\t\t\t\t\t\t\t\t\t\t\t\t\t\t<img fetchpriority=\"high\" decoding=\"async\" width=\"800\" height=\"600\" src=\"https:\/\/gipszkartonsopron.hu\/wp-content\/uploads\/2025\/12\/596820692_1531303534827259_6294478433755270995_n-1024x768.jpg\" class=\"attachment-large size-large wp-image-12\" alt=\"gipszkarton szerel\u00e9s Sopron, gipszkartonoz\u00e1s \u00e1rak Sopron, v\u00e1laszfal \u00e9p\u00edt\u00e9s Sopron, \u00e1lmennyezet k\u00e9sz\u00edt\u00e9s Sopron.\" srcset=\"https:\/\/gipszkartonsopron.hu\/wp-content\/uploads\/2025\/12\/596820692_1531303534827259_6294478433755270995_n-1024x768.jpg 1024w, https:\/\/gipszkartonsopron.hu\/wp-content\/uploads\/2025\/12\/596820692_1531303534827259_6294478433755270995_n-300x225.jpg 300w, https:\/\/gipszkartonsopron.hu\/wp-content\/uploads\/2025\/12\/596820692_1531303534827259_6294478433755270995_n-768x576.jpg 768w, https:\/\/gipszkartonsopron.hu\/wp-content\/uploads\/2025\/12\/596820692_1531303534827259_6294478433755270995_n-1536x1152.jpg 1536w, https:\/\/gipszkartonsopron.hu\/wp-content\/uploads\/2025\/12\/596820692_1531303534827259_6294478433755270995_n.jpg 2048w\" sizes=\"(max-width: 800px) 100vw, 800px\" \/>\t\t\t\t\t\t\t\t\t\t\t\t\t\t\t<\/div>\n\t\t\t\t<div class=\"elementor-element elementor-element-a53a64c elementor-widget elementor-widget-image\" data-id=\"a53a64c\" data-element_type=\"widget\" data-widget_type=\"image.default\">\n\t\t\t\t\t\t\t\t\t\t\t\t\t\t\t<img decoding=\"async\" width=\"800\" height=\"600\" src=\"https:\/\/gipszkartonsopron.hu\/wp-content\/uploads\/2025\/12\/597735910_1531303331493946_1817479421433998950_n-1024x768.jpg\" class=\"attachment-large size-large wp-image-17\" alt=\"\" srcset=\"https:\/\/gipszkartonsopron.hu\/wp-content\/uploads\/2025\/12\/597735910_1531303331493946_1817479421433998950_n-1024x768.jpg 1024w, https:\/\/gipszkartonsopron.hu\/wp-content\/uploads\/2025\/12\/597735910_1531303331493946_1817479421433998950_n-300x225.jpg 300w, https:\/\/gipszkartonsopron.hu\/wp-content\/uploads\/2025\/12\/597735910_1531303331493946_1817479421433998950_n-768x576.jpg 768w, https:\/\/gipszkartonsopron.hu\/wp-content\/uploads\/2025\/12\/597735910_1531303331493946_1817479421433998950_n-1536x1152.jpg 1536w, https:\/\/gipszkartonsopron.hu\/wp-content\/uploads\/2025\/12\/597735910_1531303331493946_1817479421433998950_n.jpg 2048w\" sizes=\"(max-width: 800px) 100vw, 800px\" \/>\t\t\t\t\t\t\t\t\t\t\t\t\t\t\t<\/div>\n\t\t\t\t<div class=\"elementor-element elementor-element-47b559c elementor-widget elementor-widget-image\" data-id=\"47b559c\" data-element_type=\"widget\" data-widget_type=\"image.default\">\n\t\t\t\t\t\t\t\t\t\t\t\t\t\t\t<img decoding=\"async\" width=\"800\" height=\"600\" src=\"https:\/\/gipszkartonsopron.hu\/wp-content\/uploads\/2025\/12\/596820961_1531303388160607_104837551931857604_n-1024x768.jpg\" class=\"attachment-large size-large wp-image-15\" alt=\"\" srcset=\"https:\/\/gipszkartonsopron.hu\/wp-content\/uploads\/2025\/12\/596820961_1531303388160607_104837551931857604_n-1024x768.jpg 1024w, https:\/\/gipszkartonsopron.hu\/wp-content\/uploads\/2025\/12\/596820961_1531303388160607_104837551931857604_n-300x225.jpg 300w, https:\/\/gipszkartonsopron.hu\/wp-content\/uploads\/2025\/12\/596820961_1531303388160607_104837551931857604_n-768x576.jpg 768w, https:\/\/gipszkartonsopron.hu\/wp-content\/uploads\/2025\/12\/596820961_1531303388160607_104837551931857604_n-1536x1152.jpg 1536w, https:\/\/gipszkartonsopron.hu\/wp-content\/uploads\/2025\/12\/596820961_1531303388160607_104837551931857604_n.jpg 2048w\" sizes=\"(max-width: 800px) 100vw, 800px\" \/>\t\t\t\t\t\t\t\t\t\t\t\t\t\t\t<\/div>\n\t\t\t\t<div class=\"elementor-element elementor-element-a910107 elementor-widget elementor-widget-image\" data-id=\"a910107\" data-element_type=\"widget\" data-widget_type=\"image.default\">\n\t\t\t\t\t\t\t\t\t\t\t\t\t\t\t<img loading=\"lazy\" decoding=\"async\" width=\"800\" height=\"600\" src=\"https:\/\/gipszkartonsopron.hu\/wp-content\/uploads\/2025\/12\/597681990_1531303471493932_4829730670789779972_n-1024x768.jpg\" class=\"attachment-large size-large wp-image-14\" alt=\"gipszkarton szerel\u00e9s Sopron, gipszkartonoz\u00e1s \u00e1rak Sopron, v\u00e1laszfal \u00e9p\u00edt\u00e9s Sopron, \u00e1lmennyezet k\u00e9sz\u00edt\u00e9s Sopron.\" srcset=\"https:\/\/gipszkartonsopron.hu\/wp-content\/uploads\/2025\/12\/597681990_1531303471493932_4829730670789779972_n-1024x768.jpg 1024w, https:\/\/gipszkartonsopron.hu\/wp-content\/uploads\/2025\/12\/597681990_1531303471493932_4829730670789779972_n-300x225.jpg 300w, https:\/\/gipszkartonsopron.hu\/wp-content\/uploads\/2025\/12\/597681990_1531303471493932_4829730670789779972_n-768x576.jpg 768w, https:\/\/gipszkartonsopron.hu\/wp-content\/uploads\/2025\/12\/597681990_1531303471493932_4829730670789779972_n-1536x1152.jpg 1536w, https:\/\/gipszkartonsopron.hu\/wp-content\/uploads\/2025\/12\/597681990_1531303471493932_4829730670789779972_n.jpg 2048w\" sizes=\"(max-width: 800px) 100vw, 800px\" \/>\t\t\t\t\t\t\t\t\t\t\t\t\t\t\t<\/div>\n\t\t\t\t<div class=\"elementor-element elementor-element-735927a elementor-widget elementor-widget-image\" data-id=\"735927a\" data-element_type=\"widget\" data-widget_type=\"image.default\">\n\t\t\t\t\t\t\t\t\t\t\t\t\t\t\t<img loading=\"lazy\" decoding=\"async\" width=\"800\" height=\"600\" src=\"https:\/\/gipszkartonsopron.hu\/wp-content\/uploads\/2025\/12\/597691246_1531303168160629_5629837812660430550_n-1024x768.jpg\" class=\"attachment-large size-large wp-image-19\" alt=\"\" srcset=\"https:\/\/gipszkartonsopron.hu\/wp-content\/uploads\/2025\/12\/597691246_1531303168160629_5629837812660430550_n-1024x768.jpg 1024w, https:\/\/gipszkartonsopron.hu\/wp-content\/uploads\/2025\/12\/597691246_1531303168160629_5629837812660430550_n-300x225.jpg 300w, https:\/\/gipszkartonsopron.hu\/wp-content\/uploads\/2025\/12\/597691246_1531303168160629_5629837812660430550_n-768x576.jpg 768w, https:\/\/gipszkartonsopron.hu\/wp-content\/uploads\/2025\/12\/597691246_1531303168160629_5629837812660430550_n-1536x1152.jpg 1536w, https:\/\/gipszkartonsopron.hu\/wp-content\/uploads\/2025\/12\/597691246_1531303168160629_5629837812660430550_n.jpg 2048w\" sizes=\"(max-width: 800px) 100vw, 800px\" \/>\t\t\t\t\t\t\t\t\t\t\t\t\t\t\t<\/div>\n\t\t\t\t<div class=\"elementor-element elementor-element-8f4e654 elementor-widget elementor-widget-image\" data-id=\"8f4e654\" data-element_type=\"widget\" data-widget_type=\"image.default\">\n\t\t\t\t\t\t\t\t\t\t\t\t\t\t\t<img loading=\"lazy\" decoding=\"async\" width=\"800\" height=\"600\" src=\"https:\/\/gipszkartonsopron.hu\/wp-content\/uploads\/2025\/12\/481655797_1314439209847027_3789868487347725731_n.jpg\" class=\"attachment-large size-large wp-image-21\" alt=\"\" srcset=\"https:\/\/gipszkartonsopron.hu\/wp-content\/uploads\/2025\/12\/481655797_1314439209847027_3789868487347725731_n.jpg 1024w, https:\/\/gipszkartonsopron.hu\/wp-content\/uploads\/2025\/12\/481655797_1314439209847027_3789868487347725731_n-300x225.jpg 300w, https:\/\/gipszkartonsopron.hu\/wp-content\/uploads\/2025\/12\/481655797_1314439209847027_3789868487347725731_n-768x576.jpg 768w\" sizes=\"(max-width: 800px) 100vw, 800px\" \/>\t\t\t\t\t\t\t\t\t\t\t\t\t\t\t<\/div>\n\t\t\t\t\t<\/div>\n\t\t\t\t<\/div>\n\t\t\t\t<\/div>\n\t\t","protected":false},"excerpt":{"rendered":"<p>Bemutatkoz\u00e1s Menu Mi\u00e9rt v\u00e1lassza a gipszkartont? \u2013 5 \u00e9rv a modern bels\u0151\u00e9p\u00edt\u00e9szet mellett Munk\u00e1im \u00dcdv\u00f6zl\u00f6m! Moln\u00e1r Andr\u00e1s vagyok, gipszkarton szerel\u0151. Ha fel\u00faj\u00edt\u00e1s el\u0151tt \u00e1ll, v\u00e1laszfalat h\u00fazna, vagy a belmagass\u00e1got cs\u00f6kkenten\u00e9 eszt\u00e9tikus \u00e1lmennyezettel, keressen bizalommal! V\u00e1llalok: V\u00e1laszfalak \u00e9s el\u0151t\u00e9tfalak \u00e9p\u00edt\u00e9s\u00e9t \u00c1lmennyezetek kialak\u00edt\u00e1s\u00e1t Tet\u0151t\u00e9r be\u00e9p\u00edt\u00e9st Egyedi dekor\u00e1ci\u00f3s megold\u00e1sokat Mivel minden lak\u00e1s \u00e9s projekt m\u00e1s, fix n\u00e9gyzetm\u00e9ter\u00e1rak helyett [&hellip;]<\/p>\n","protected":false},"author":1,"featured_media":21,"parent":0,"menu_order":0,"comment_status":"closed","ping_status":"closed","template":"elementor_canvas","meta":{"footnotes":""},"class_list":["post-2","page","type-page","status-publish","has-post-thumbnail","hentry"],"_links":{"self":[{"href":"https:\/\/gipszkartonsopron.hu\/index.php?rest_route=\/wp\/v2\/pages\/2","targetHints":{"allow":["GET"]}}],"collection":[{"href":"https:\/\/gipszkartonsopron.hu\/index.php?rest_route=\/wp\/v2\/pages"}],"about":[{"href":"https:\/\/gipszkartonsopron.hu\/index.php?rest_route=\/wp\/v2\/types\/page"}],"author":[{"embeddable":true,"href":"https:\/\/gipszkartonsopron.hu\/index.php?rest_route=\/wp\/v2\/users\/1"}],"replies":[{"embeddable":true,"href":"https:\/\/gipszkartonsopron.hu\/index.php?rest_route=%2Fwp%2Fv2%2Fcomments&post=2"}],"version-history":[{"count":40,"href":"https:\/\/gipszkartonsopron.hu\/index.php?rest_route=\/wp\/v2\/pages\/2\/revisions"}],"predecessor-version":[{"id":139,"href":"https:\/\/gipszkartonsopron.hu\/index.php?rest_route=\/wp\/v2\/pages\/2\/revisions\/139"}],"wp:featuredmedia":[{"embeddable":true,"href":"https:\/\/gipszkartonsopron.hu\/index.php?rest_route=\/wp\/v2\/media\/21"}],"wp:attachment":[{"href":"https:\/\/gipszkartonsopron.hu\/index.php?rest_route=%2Fwp%2Fv2%2Fmedia&parent=2"}],"curies":[{"name":"wp","href":"https:\/\/api.w.org\/{rel}","templated":true}]}}